{"id":22,"date":"2023-01-10T11:21:29","date_gmt":"2023-01-10T10:21:29","guid":{"rendered":"https:\/\/ladansedehyunah.fr\/?page_id=22"},"modified":"2024-04-15T19:13:44","modified_gmt":"2024-04-15T18:13:44","slug":"psychogenealogie","status":"publish","type":"page","link":"https:\/\/ladansedehyunah.fr\/index.php\/home\/psychogenealogie\/","title":{"rendered":"Atelier de Psychog\u00e9n\u00e9alogie"},"content":{"rendered":"\n<p><em>S\u2019interroger sur sa place familiale ame\u0300ne a\u0300 interroger l\u2019histoire qui l\u2019 a pre\u0301ce\u0301de\u0301e.<\/em><\/p>\n\n\n\n<p><strong>Qu\u2019est-ce que  la Psychog\u00e9n\u00e9alogie ou l\u2019Analyse Transg\u00e9n\u00e9rationnelle ?&nbsp;<\/strong><\/p>\n\n\n\n<p class=\"has-text-align-left\">La Psychog\u00e9n\u00e9alogie ou Analyse Transg\u00e9n\u00e9rationnelle est une discipline r\u00e9cente qui s&rsquo;inscrit dans la lign\u00e9e des th\u00e9rapies br\u00e8ves. Elle est issue des travaux d&rsquo;Anne Ancelin Schutzenberger dans les ann\u00e9es 1980 (psychologue, professeur \u00e9m\u00e9rite et auteur du livre de r\u00e9f\u00e9rence \u00ab A\u00efe, mes a\u00efeux ! \u00bb). La Psychog\u00e9n\u00e9alogie s\u2019appuie sur les concepts de la psychanalyse et de la th\u00e9rapie syst\u00e9mique familiale, c&rsquo;est-\u00e0-dire qu&rsquo;elle prend en compte la personne dans son rapport environnemental et au sein de ses diff\u00e9rents groupes d\u2019appartenance tels que : familial, amical, culturel, religieux, professionnel.<\/p>\n\n\n\n<figure class=\"wp-block-image aligncenter size-large is-resized\"><img loading=\"lazy\" decoding=\"async\" src=\"https:\/\/ladansedehyunah.fr\/wp-content\/uploads\/2023\/01\/psychogenealogie-cropped-1024x470.png\" alt=\"psychog\u00e9n\u00e9alogie\" class=\"wp-image-84\" width=\"741\" height=\"340\" srcset=\"https:\/\/ladansedehyunah.fr\/wp-content\/uploads\/2023\/01\/psychogenealogie-cropped-1024x470.png 1024w, https:\/\/ladansedehyunah.fr\/wp-content\/uploads\/2023\/01\/psychogenealogie-cropped-300x138.png 300w, https:\/\/ladansedehyunah.fr\/wp-content\/uploads\/2023\/01\/psychogenealogie-cropped-768x353.png 768w, https:\/\/ladansedehyunah.fr\/wp-content\/uploads\/2023\/01\/psychogenealogie-cropped-1536x705.png 1536w, https:\/\/ladansedehyunah.fr\/wp-content\/uploads\/2023\/01\/psychogenealogie-cropped.png 2030w\" sizes=\"auto, (max-width: 741px) 100vw, 741px\" \/><\/figure>\n\n\n\n<p>La  vise \u00e0 comprendre comment nos anc\u00eatres ont v\u00e9cu leurs traumatismes et comment ces traumatismes s\u2019inscrivent chez leurs descendants.<\/p>\n\n\n\n<p>Elle permet de comprendre les transmissions inconscientes qui s\u2019effectuent de g\u00e9n\u00e9ration en g\u00e9n\u00e9ration afin de pouvoir s\u2019en d\u00e9gager et les transformer.<\/p>\n\n\n\n<p>Elle met en lumi\u00e8re les transmissions invisibles de votre histoire familiale.<\/p>\n\n\n\n<p>S\u2019interroger soi, c\u2019est mettre au travail notre histoire familiale et comprendre ce que nos anc\u00eatres nous ont transmis de mani\u00e8re consciente et inconscientes (Souffrances, croyances, deuils non faits, violences, traumatismes, honte, dettes, loyaut\u00e9, secret de famille.).&nbsp;<\/p>\n\n\n\n<blockquote class=\"wp-block-quote is-layout-flow wp-block-quote-is-layout-flow\">\n<p>Selon De Gaulejac \u00ab <em>Plus l\u2019individu tend \u00e0 ignorer qu\u2019il est le produit d\u2019une histoire, plus il est prisonnier<\/em>. \u00bb<\/p>\n<\/blockquote>\n\n\n\n<p><strong>A qui s\u2019adresse la th\u00e9rapie transg\u00e9n\u00e9rationnelle :&nbsp;<\/strong><\/p>\n\n\n\n<p>.Si vous rencontrez des difficult\u00e9s relationnelles dans votre entourage familial, amical et professionnel.<\/p>\n\n\n\n<p>.Si vous avez l\u2019impression de r\u00e9p\u00e9ter les m\u00eames sch\u00e9mas : <em>rencontres amoureuses, rupture affective, instabilit\u00e9 professionnelle, d\u00e9m\u00e9nagements r\u00e9p\u00e9t\u00e9s\u2026<\/em><\/p>\n\n\n\n<p>.Si vous souffrez de maladies chroniques, somatiques. (Mal-\u00eatre persistant, angoisse, phobie, ecz\u00e9ma, asthme.)<\/p>\n\n\n\n<p>.Si vous souffrez d\u2019addiction.&nbsp;<\/p>\n\n\n\n<p>.Si un traumatisme, un secret est pr\u00e9sent dans votre histoire familiale.<\/p>\n\n\n\n<p>.Si un travail de deuil reste \u00e0 r\u00e9aliser : <em>Vous rep\u00e9rer dans votre histoire personnelle afin de donner du sens aux \u00e9v\u00e8nements v\u00e9cus, aux histoires qui se r\u00e9p\u00e8tent, d\u00e9nouer les \u00e9v\u00e8nements traumatiques du pass\u00e9 qui ont pu faire effraction dans votre pr\u00e9sent, reconstruire un avenir en conscience en puisant dans votre histoire les ressources de vos a\u00efeux,<\/em><\/p>\n\n\n\n<p><strong>Les outils utilis\u00e9s:<\/strong><\/p>\n\n\n\n<p>-Le g\u00e9nosociogramme&nbsp;<\/p>\n\n\n\n<p>-Le photolangage\u00ae (images associatives, photos des anc\u00eatres).<\/p>\n\n\n\n<p>-Le mouvement corporel (danse).&nbsp;<\/p>\n\n\n\n<p>-Les figurines&nbsp;<\/p>\n\n\n\n<p>-Le r\u00eave \u00e9veill\u00e9.&nbsp;<\/p>\n\n\n\n<p>Le journal organique.&nbsp;<\/p>\n\n\n\n<figure class=\"wp-block-image size-full is-resized\"><img loading=\"lazy\" decoding=\"async\" src=\"https:\/\/ladansedehyunah.fr\/wp-content\/uploads\/2023\/01\/cropped-arbre.jpg\" alt=\"\" class=\"wp-image-44\" width=\"210\" height=\"210\" srcset=\"https:\/\/ladansedehyunah.fr\/wp-content\/uploads\/2023\/01\/cropped-arbre.jpg 512w, https:\/\/ladansedehyunah.fr\/wp-content\/uploads\/2023\/01\/cropped-arbre-300x300.jpg 300w, https:\/\/ladansedehyunah.fr\/wp-content\/uploads\/2023\/01\/cropped-arbre-150x150.jpg 150w, https:\/\/ladansedehyunah.fr\/wp-content\/uploads\/2023\/01\/cropped-arbre-270x270.jpg 270w, https:\/\/ladansedehyunah.fr\/wp-content\/uploads\/2023\/01\/cropped-arbre-192x192.jpg 192w, https:\/\/ladansedehyunah.fr\/wp-content\/uploads\/2023\/01\/cropped-arbre-180x180.jpg 180w, https:\/\/ladansedehyunah.fr\/wp-content\/uploads\/2023\/01\/cropped-arbre-32x32.jpg 32w\" sizes=\"auto, (max-width: 210px) 100vw, 210px\" \/><\/figure>\n\n\n\n<p><a><em><code>Une autorisation pr\u00e9alable est donc n\u00e9cessaire pour un document in\u00e9dit.Cette autorisation doit \u00eatre obtenue aupr\u00e8s de l\u2019auteur ou de ses ayants droit<\/code><\/em>. <code>\u0152uvre de ZAHO Yinning artiste peintre droit soumis \u00e0 l'association la danse de Hyun AH et C\u00e9cile Hocd\u00e9.<\/code><\/a><\/p>\n\n\n\n<blockquote class=\"wp-block-quote is-layout-flow wp-block-quote-is-layout-flow\">\n<p class=\"has-text-align-left\"><em>\u00ab\u00a0Certains traumatismes sont tus parce que trop durs, indicibles. Les parents ne les ont pas dig\u00e9r\u00e9s, m\u00e9tabolis\u00e9s, parl\u00e9s. Un secret s&rsquo;est form\u00e9, qui p\u00e8se \u00e0 travers les g\u00e9n\u00e9rations sur les \u00e9paules des enfants. Quand les choses ne sont pas dites, le corps peut parfois les exprimer: c&rsquo;est la somatisation. Le corps de l&rsquo;enfant devient le langage de l&rsquo;anc\u00eatre bless\u00e9 .\u00a0\u00bb<\/em> Anne Ancelin ces <em>enfants malades qui veulent gu\u00e9rir de leur parents.<\/em><\/p>\n<\/blockquote>\n\n\n\n<p>Un entretien au pr\u00e9alable  en psychog\u00e9n\u00e9alogie est obligatoire<\/p>\n\n\n\n<p>Quelques podcasts \u00e0 \u00e9couter!! <\/p>\n\n\n\n<p><a href=\"https:\/\/www.radiofrance.fr\/franceculture\/podcasts\/serie-la-psychogenealogie-ou-l-analyse-transgenerationnelle\">https:\/\/www.radiofrance.fr\/franceculture\/podcasts\/serie-la-psychogenealogie-ou-l-analyse-transgenerationnelle<\/a><\/p>\n\n\n\n<p><a href=\"https:\/\/www.radiofrance.fr\/franceinter\/podcasts\/zoom-zoom-zen\/zoom-zoom-zen-du-mardi-24-janvier-2023-2346810\">https:\/\/www.radiofrance.fr\/franceinter\/podcasts\/zoom-zoom-zen\/zoom-zoom-zen-du-mardi-24-janvier-2023-2346810<\/a><\/p>\n\n\n\n<p><a href=\"https:\/\/www.radiofrance.fr\/francebleu\/podcasts\/cote-experts-dans-la-manche\/la-psychogenealogie-pour-qui-pour-quoi-5451790\">https:\/\/www.radiofrance.fr\/francebleu\/podcasts\/cote-experts-dans-la-manche\/la-psychogenealogie-pour-qui-pour-quoi-5451790<\/a><\/p>\n\n\n\n<p><a href=\"https:\/\/www.radiofrance.fr\/franceculture\/podcasts\/serie-epigenetique-quand-l-adn-fait-son-interessant\">https:\/\/www.radiofrance.fr\/franceculture\/podcasts\/serie-epigenetique-quand-l-adn-fait-son-interessant<\/a><\/p>\n\n\n\n<p><a href=\"https:\/\/www.rtbf.be\/article\/savoir-d-ou-l-on-vient-pour-savoir-ou-l-on-va-10793483?fbclid=IwAR1ggF7dpWY6vbcYnYyROU0RKRGWWsp0r-XHeJ_IAu-tzVXPsOu8phJRmgM\">https:\/\/www.rtbf.be\/article\/savoir-d-ou-l-on-vient-pour-savoir-ou-l-on-va-10793483?fbclid=IwAR1ggF7dpWY6vbcYnYyROU0RKRGWWsp0r-XHeJ_IAu-tzVXPsOu8phJRmgM<\/a><\/p>\n","protected":false},"excerpt":{"rendered":"<p>S\u2019interroger sur sa place familiale ame\u0300ne a\u0300 interroger l\u2019histoire qui l\u2019 a pre\u0301ce\u0301de\u0301e. Qu\u2019est-ce que la Psychog\u00e9n\u00e9alogie ou l\u2019Analyse Transg\u00e9n\u00e9rationnelle ?&nbsp; La Psychog\u00e9n\u00e9alogie ou Analyse Transg\u00e9n\u00e9rationnelle est une discipline r\u00e9cente qui s&rsquo;inscrit dans la lign\u00e9e des th\u00e9rapies br\u00e8ves. Elle est issue des travaux d&rsquo;Anne Ancelin Schutzenberger dans les ann\u00e9es 1980 (psychologue, professeur \u00e9m\u00e9rite et auteur [&hellip;]<\/p>\n","protected":false},"author":1,"featured_media":0,"parent":11,"menu_order":0,"comment_status":"closed","ping_status":"closed","template":"","meta":{"_themeisle_gutenberg_block_has_review":false,"footnotes":""},"class_list":["post-22","page","type-page","status-publish","hentry"],"_links":{"self":[{"href":"https:\/\/ladansedehyunah.fr\/index.php\/wp-json\/wp\/v2\/pages\/22","targetHints":{"allow":["GET"]}}],"collection":[{"href":"https:\/\/ladansedehyunah.fr\/index.php\/wp-json\/wp\/v2\/pages"}],"about":[{"href":"https:\/\/ladansedehyunah.fr\/index.php\/wp-json\/wp\/v2\/types\/page"}],"author":[{"embeddable":true,"href":"https:\/\/ladansedehyunah.fr\/index.php\/wp-json\/wp\/v2\/users\/1"}],"replies":[{"embeddable":true,"href":"https:\/\/ladansedehyunah.fr\/index.php\/wp-json\/wp\/v2\/comments?post=22"}],"version-history":[{"count":33,"href":"https:\/\/ladansedehyunah.fr\/index.php\/wp-json\/wp\/v2\/pages\/22\/revisions"}],"predecessor-version":[{"id":542,"href":"https:\/\/ladansedehyunah.fr\/index.php\/wp-json\/wp\/v2\/pages\/22\/revisions\/542"}],"up":[{"embeddable":true,"href":"https:\/\/ladansedehyunah.fr\/index.php\/wp-json\/wp\/v2\/pages\/11"}],"wp:attachment":[{"href":"https:\/\/ladansedehyunah.fr\/index.php\/wp-json\/wp\/v2\/media?parent=22"}],"curies":[{"name":"wp","href":"https:\/\/api.w.org\/{rel}","templated":true}]}}