{"id":543,"date":"2024-04-15T19:14:51","date_gmt":"2024-04-15T18:14:51","guid":{"rendered":"https:\/\/ladansedehyunah.fr\/?page_id=543"},"modified":"2025-08-29T15:29:58","modified_gmt":"2025-08-29T14:29:58","slug":"atlelier-biodanza-enfants-et-adolecents","status":"publish","type":"page","link":"https:\/\/ladansedehyunah.fr\/index.php\/atlelier-biodanza-enfants-et-adolecents\/","title":{"rendered":"Atelier Biodanza\u00ae en Famille \u00e0 Lyon 1er."},"content":{"rendered":"\n<p>Les dates arrivent! <\/p>\n\n\n\n<figure class=\"wp-block-video\"><video height=\"1280\" style=\"aspect-ratio: 720 \/ 1280;\" width=\"720\" controls src=\"https:\/\/ladansedehyunah.fr\/wp-content\/uploads\/2024\/10\/VID_625191121_141346_121.mp4\"><\/video><\/figure>\n\n\n\n<p>Biodanza en famille \u00e0 Lyon ( Place des Terreaux). Lorsque la cr\u00e9ativit\u00e9 en famille s&rsquo;amuse ! <\/p>\n\n\n\n<p>S&rsquo;accorder un temps en famille, est un moment privil\u00e9gi\u00e9 pour les enfants. Leur accorder du temps pour jouer, danser, les aider \u00e0 grandir sereinement, les accompagner \u00e0 ressentir leur \u00e9motions, les encourager, les aider \u00e0 d\u00e9velopper leur cr\u00e9ativit\u00e9 et \u00e0 l&rsquo;exprimer. &#8230; C&rsquo;est un temps pour se retrouver en famille ( parents, grands parents, oncle, tante, fr\u00e8re, s\u0153ur, cousin, cousine&#8230; ) et s&rsquo;offrir un temps de partage, de convivialit\u00e9, de complicit\u00e9 dans un temps espace o\u00f9 la danse, le mouvement, le jeu, les rires , la cr\u00e9ativit\u00e9 seront au rendez vous.<\/p>\n\n\n\n<p>La Biodanza est une p\u00e9dagogie de l&rsquo;art de vivre. Elle permet de r\u00e9veiller notre cr\u00e9ativit\u00e9, notre joie, elle augmente notre estime de soi, la confiance &#8230;<\/p>\n\n\n\n<p>La dur\u00e9e de la s\u00e9ance dure 1h30 suivi d&rsquo;un temps de convivialit\u00e9. <\/p>\n\n\n\n<p>La s\u00e9ance propos\u00e9e et anim\u00e9e part du postulat de l&rsquo;\u00e9ducation Biocentrique. Mettre plus de vie dans sa vie.<\/p>\n\n\n\n<p>Aucune pratique pr\u00e9alable en danse n&rsquo;est requise.<\/p>\n\n\n\n<p>Anim\u00e9 par C\u00e9cile Hocd\u00e9, professeure de Biodanza, form\u00e9e \u00e0 l&rsquo;application Biodanza enfants et adolescents avec  Alejandro Toro et aussi \u00e0 l&rsquo;\u00e9ducation Biocentrique (CEBO) de Dijon.<\/p>\n\n\n\n<figure class=\"wp-block-image size-large is-resized\"><img loading=\"lazy\" decoding=\"async\" width=\"683\" height=\"1024\" src=\"https:\/\/ladansedehyunah.fr\/wp-content\/uploads\/2024\/10\/Biodanza-en-famille2-683x1024.jpg\" alt=\"\" class=\"wp-image-880\" style=\"width:440px;height:auto\" srcset=\"https:\/\/ladansedehyunah.fr\/wp-content\/uploads\/2024\/10\/Biodanza-en-famille2-683x1024.jpg 683w, https:\/\/ladansedehyunah.fr\/wp-content\/uploads\/2024\/10\/Biodanza-en-famille2-200x300.jpg 200w, https:\/\/ladansedehyunah.fr\/wp-content\/uploads\/2024\/10\/Biodanza-en-famille2-768x1152.jpg 768w, https:\/\/ladansedehyunah.fr\/wp-content\/uploads\/2024\/10\/Biodanza-en-famille2.jpg 1000w\" sizes=\"auto, (max-width: 683px) 100vw, 683px\" \/><\/figure>\n\n\n\n<p>T\u00e9moignage <\/p>\n\n\n\n<p><em>\u00ab\u00a0Buenos d\u00edas, el s\u00e1bado pasado 10 de mayo, yo tom\u00e9 mi primera clase de biodanse en familia con la instructora Cecile. Fu\u00e9 una experiencia muy agradable, me encant\u00f3 mucho, un ambiente muy c\u00e1lido\u00a0\u00bb <\/em> <\/p>\n\n\n\n<p>Guadalupe <\/p>\n","protected":false},"excerpt":{"rendered":"<p>Les dates arrivent! Biodanza en famille \u00e0 Lyon ( Place des Terreaux). Lorsque la cr\u00e9ativit\u00e9 en famille s&rsquo;amuse ! S&rsquo;accorder un temps en famille, est un moment privil\u00e9gi\u00e9 pour les enfants. Leur accorder du temps pour jouer, danser, les aider \u00e0 grandir sereinement, les accompagner \u00e0 ressentir leur \u00e9motions, les encourager, les aider \u00e0 d\u00e9velopper [&hellip;]<\/p>\n","protected":false},"author":1,"featured_media":0,"parent":0,"menu_order":0,"comment_status":"closed","ping_status":"closed","template":"","meta":{"_themeisle_gutenberg_block_has_review":false,"footnotes":""},"class_list":["post-543","page","type-page","status-publish","hentry"],"_links":{"self":[{"href":"https:\/\/ladansedehyunah.fr\/index.php\/wp-json\/wp\/v2\/pages\/543","targetHints":{"allow":["GET"]}}],"collection":[{"href":"https:\/\/ladansedehyunah.fr\/index.php\/wp-json\/wp\/v2\/pages"}],"about":[{"href":"https:\/\/ladansedehyunah.fr\/index.php\/wp-json\/wp\/v2\/types\/page"}],"author":[{"embeddable":true,"href":"https:\/\/ladansedehyunah.fr\/index.php\/wp-json\/wp\/v2\/users\/1"}],"replies":[{"embeddable":true,"href":"https:\/\/ladansedehyunah.fr\/index.php\/wp-json\/wp\/v2\/comments?post=543"}],"version-history":[{"count":13,"href":"https:\/\/ladansedehyunah.fr\/index.php\/wp-json\/wp\/v2\/pages\/543\/revisions"}],"predecessor-version":[{"id":1081,"href":"https:\/\/ladansedehyunah.fr\/index.php\/wp-json\/wp\/v2\/pages\/543\/revisions\/1081"}],"wp:attachment":[{"href":"https:\/\/ladansedehyunah.fr\/index.php\/wp-json\/wp\/v2\/media?parent=543"}],"curies":[{"name":"wp","href":"https:\/\/api.w.org\/{rel}","templated":true}]}}